{"id":448,"date":"2023-03-29T18:40:42","date_gmt":"2023-03-29T16:40:42","guid":{"rendered":"https:\/\/gmabygg.se\/?page_id=448"},"modified":"2023-03-31T07:03:29","modified_gmt":"2023-03-31T05:03:29","slug":"byggforetag-i-katrineholm-2","status":"publish","type":"page","link":"https:\/\/gmabygg.se\/?page_id=448","title":{"rendered":"Tj\u00e4nster"},"content":{"rendered":"\t\t<div data-elementor-type=\"wp-page\" data-elementor-id=\"448\" class=\"elementor elementor-448\" data-elementor-post-type=\"page\">\n\t\t\t\t\t\t<section class=\"elementor-section elementor-top-section elementor-element elementor-element-211a6a6 elementor-section-height-min-height elementor-section-full_width elementor-section-items-bottom elementor-section-height-default\" data-id=\"211a6a6\" data-element_type=\"section\" data-e-type=\"section\" data-settings=\"{&quot;background_background&quot;:&quot;classic&quot;}\">\n\t\t\t\t\t\t<div class=\"elementor-container elementor-column-gap-no\">\n\t\t\t\t\t<div class=\"elementor-column elementor-col-100 elementor-top-column elementor-element elementor-element-29c8e8f1 animated-fast elementor-invisible\" data-id=\"29c8e8f1\" data-element_type=\"column\" data-e-type=\"column\" data-settings=\"{&quot;background_background&quot;:&quot;classic&quot;,&quot;animation&quot;:&quot;fadeInUp&quot;}\">\n\t\t\t<div class=\"elementor-widget-wrap elementor-element-populated\">\n\t\t\t\t\t\t<section class=\"elementor-section elementor-inner-section elementor-element elementor-element-4996792f elementor-section-full_width elementor-section-height-default elementor-section-height-default\" data-id=\"4996792f\" data-element_type=\"section\" data-e-type=\"section\">\n\t\t\t\t\t\t<div class=\"elementor-container elementor-column-gap-default\">\n\t\t\t\t\t<div class=\"elementor-column elementor-col-50 elementor-inner-column elementor-element elementor-element-54b58d55\" data-id=\"54b58d55\" data-element_type=\"column\" data-e-type=\"column\" data-settings=\"{&quot;background_background&quot;:&quot;classic&quot;,&quot;animation&quot;:&quot;none&quot;}\">\n\t\t\t<div class=\"elementor-widget-wrap elementor-element-populated\">\n\t\t\t\t\t\t<div class=\"elementor-element elementor-element-17e87b9e elementor-widget elementor-widget-heading\" data-id=\"17e87b9e\" data-element_type=\"widget\" data-e-type=\"widget\" data-widget_type=\"heading.default\">\n\t\t\t\t<div class=\"elementor-widget-container\">\n\t\t\t\t\t<h1 class=\"elementor-heading-title elementor-size-default\">Sociala medier<\/h1>\t\t\t\t<\/div>\n\t\t\t\t<\/div>\n\t\t\t\t<div class=\"elementor-element elementor-element-4677ee5f elementor-widget elementor-widget-text-editor\" data-id=\"4677ee5f\" data-element_type=\"widget\" data-e-type=\"widget\" data-widget_type=\"text-editor.default\">\n\t\t\t\t<div class=\"elementor-widget-container\">\n\t\t\t\t\t\t\t\t\t<p>Se ett urval av v\u00e5ra p\u00e5g\u00e5ende och slutf\u00f6rda projekt p\u00e5 sociala medier.<\/p>\t\t\t\t\t\t\t\t<\/div>\n\t\t\t\t<\/div>\n\t\t\t\t\t<\/div>\n\t\t<\/div>\n\t\t\t\t<div class=\"elementor-column elementor-col-50 elementor-inner-column elementor-element elementor-element-57289411 animated-fast elementor-invisible\" data-id=\"57289411\" data-element_type=\"column\" data-e-type=\"column\" data-settings=\"{&quot;background_background&quot;:&quot;classic&quot;,&quot;animation&quot;:&quot;slideInRight&quot;,&quot;animation_delay&quot;:550}\">\n\t\t\t<div class=\"elementor-widget-wrap elementor-element-populated\">\n\t\t\t\t\t\t<div class=\"elementor-element elementor-element-50d3aad4 elementor-widget elementor-widget-heading\" data-id=\"50d3aad4\" data-element_type=\"widget\" data-e-type=\"widget\" data-widget_type=\"heading.default\">\n\t\t\t\t<div class=\"elementor-widget-container\">\n\t\t\t\t\t<h3 class=\"elementor-heading-title elementor-size-default\">L\u00e4nkar<\/h3>\t\t\t\t<\/div>\n\t\t\t\t<\/div>\n\t\t\t\t<div class=\"elementor-element elementor-element-5440804 elementor-mobile-align-center elementor-icon-list--layout-traditional elementor-list-item-link-full_width elementor-widget elementor-widget-icon-list\" data-id=\"5440804\" data-element_type=\"widget\" data-e-type=\"widget\" data-widget_type=\"icon-list.default\">\n\t\t\t\t<div class=\"elementor-widget-container\">\n\t\t\t\t\t\t\t<ul class=\"elementor-icon-list-items\">\n\t\t\t\t\t\t\t<li class=\"elementor-icon-list-item\">\n\t\t\t\t\t\t\t\t\t\t\t<a href=\"https:\/\/www.facebook.com\/GMABYGG\">\n\n\t\t\t\t\t\t\t\t\t\t\t\t<span class=\"elementor-icon-list-icon\">\n\t\t\t\t\t\t\t<i aria-hidden=\"true\" class=\"fab fa-facebook\"><\/i>\t\t\t\t\t\t<\/span>\n\t\t\t\t\t\t\t\t\t\t<span class=\"elementor-icon-list-text\">Facebook<\/span>\n\t\t\t\t\t\t\t\t\t\t\t<\/a>\n\t\t\t\t\t\t\t\t\t<\/li>\n\t\t\t\t\t\t\t\t<li class=\"elementor-icon-list-item\">\n\t\t\t\t\t\t\t\t\t\t\t<a href=\"https:\/\/www.instagram.com\/gmabygg.se\/\">\n\n\t\t\t\t\t\t\t\t\t\t\t\t<span class=\"elementor-icon-list-icon\">\n\t\t\t\t\t\t\t<i aria-hidden=\"true\" class=\"fab fa-instagram\"><\/i>\t\t\t\t\t\t<\/span>\n\t\t\t\t\t\t\t\t\t\t<span class=\"elementor-icon-list-text\">Instagram<\/span>\n\t\t\t\t\t\t\t\t\t\t\t<\/a>\n\t\t\t\t\t\t\t\t\t<\/li>\n\t\t\t\t\t\t<\/ul>\n\t\t\t\t\t\t<\/div>\n\t\t\t\t<\/div>\n\t\t\t\t\t<\/div>\n\t\t<\/div>\n\t\t\t\t\t<\/div>\n\t\t<\/section>\n\t\t\t\t<div class=\"elementor-element elementor-element-2883157 elementor-widget elementor-widget-spacer\" data-id=\"2883157\" data-element_type=\"widget\" data-e-type=\"widget\" data-widget_type=\"spacer.default\">\n\t\t\t\t<div class=\"elementor-widget-container\">\n\t\t\t\t\t\t\t<div class=\"elementor-spacer\">\n\t\t\t<div class=\"elementor-spacer-inner\"><\/div>\n\t\t<\/div>\n\t\t\t\t\t\t<\/div>\n\t\t\t\t<\/div>\n\t\t\t\t\t<\/div>\n\t\t<\/div>\n\t\t\t\t\t<\/div>\n\t\t<\/section>\n\t\t\t\t<section class=\"elementor-section elementor-top-section elementor-element elementor-element-e86f671 elementor-section-height-min-height elementor-section-full_width elementor-section-items-stretch elementor-reverse-mobile elementor-section-height-default\" data-id=\"e86f671\" data-element_type=\"section\" data-e-type=\"section\" id=\"restorations\" data-settings=\"{&quot;background_background&quot;:&quot;classic&quot;}\">\n\t\t\t\t\t\t<div class=\"elementor-container elementor-column-gap-default\">\n\t\t\t\t\t<div class=\"elementor-column elementor-col-50 elementor-top-column elementor-element elementor-element-16f3e21e\" data-id=\"16f3e21e\" data-element_type=\"column\" data-e-type=\"column\" data-settings=\"{&quot;background_background&quot;:&quot;classic&quot;}\">\n\t\t\t<div class=\"elementor-widget-wrap elementor-element-populated\">\n\t\t\t\t\t\t<div class=\"elementor-element elementor-element-735ef89f animated-fast elementor-invisible elementor-widget elementor-widget-heading\" data-id=\"735ef89f\" data-element_type=\"widget\" data-e-type=\"widget\" data-settings=\"{&quot;_animation&quot;:&quot;fadeInLeft&quot;}\" data-widget_type=\"heading.default\">\n\t\t\t\t<div class=\"elementor-widget-container\">\n\t\t\t\t\t<h3 class=\"elementor-heading-title elementor-size-default\">Nybyggnation<\/h3>\t\t\t\t<\/div>\n\t\t\t\t<\/div>\n\t\t\t\t<div class=\"elementor-element elementor-element-602f0fcd elementor-widget elementor-widget-text-editor\" data-id=\"602f0fcd\" data-element_type=\"widget\" data-e-type=\"widget\" data-widget_type=\"text-editor.default\">\n\t\t\t\t<div class=\"elementor-widget-container\">\n\t\t\t\t\t\t\t\t\t<p>Vi bygger villor fr\u00e5n f\u00f6rsta spadtaget till nyckel i handen.<\/p>\t\t\t\t\t\t\t\t<\/div>\n\t\t\t\t<\/div>\n\t\t\t\t<div class=\"elementor-element elementor-element-126ebeeb elementor-widget elementor-widget-text-editor\" data-id=\"126ebeeb\" data-element_type=\"widget\" data-e-type=\"widget\" data-widget_type=\"text-editor.default\">\n\t\t\t\t<div class=\"elementor-widget-container\">\n\t\t\t\t\t\t\t\t\t<ul><li style=\"text-align: left;\">Samarbete med ett flertal husleverant\u00f6rer<\/li><li style=\"text-align: left;\"><span class=\"s1\">Utvalda entrepren\u00f6rer<br \/><\/span><\/li><li style=\"text-align: left;\"><span class=\"s1\">Mark arbeten<br \/><\/span><\/li><li style=\"text-align: left;\"><span class=\"s1\">Husgrunder<\/span><\/li><li style=\"text-align: left;\"><span class=\"s1\">VVS<\/span><\/li><li style=\"text-align: left;\"><span class=\"s1\">EL<\/span><\/li><li style=\"text-align: left;\">M\u00e5lning<\/li><li style=\"text-align: left;\">Platts\u00e4ttning<\/li><\/ul>\t\t\t\t\t\t\t\t<\/div>\n\t\t\t\t<\/div>\n\t\t\t\t\t<\/div>\n\t\t<\/div>\n\t\t\t\t<div class=\"elementor-column elementor-col-50 elementor-top-column elementor-element elementor-element-6d2dd8eb\" data-id=\"6d2dd8eb\" data-element_type=\"column\" data-e-type=\"column\" data-settings=\"{&quot;background_background&quot;:&quot;classic&quot;}\">\n\t\t\t<div class=\"elementor-widget-wrap elementor-element-populated\">\n\t\t\t\t\t\t<div class=\"elementor-element elementor-element-28bcb3f5 elementor-widget elementor-widget-spacer\" data-id=\"28bcb3f5\" data-element_type=\"widget\" data-e-type=\"widget\" data-widget_type=\"spacer.default\">\n\t\t\t\t<div class=\"elementor-widget-container\">\n\t\t\t\t\t\t\t<div class=\"elementor-spacer\">\n\t\t\t<div class=\"elementor-spacer-inner\"><\/div>\n\t\t<\/div>\n\t\t\t\t\t\t<\/div>\n\t\t\t\t<\/div>\n\t\t\t\t\t<\/div>\n\t\t<\/div>\n\t\t\t\t\t<\/div>\n\t\t<\/section>\n\t\t\t\t<section class=\"elementor-section elementor-top-section elementor-element elementor-element-60f9dd36 elementor-section-height-min-height elementor-section-full_width elementor-section-items-stretch elementor-section-height-default\" data-id=\"60f9dd36\" data-element_type=\"section\" data-e-type=\"section\" id=\"paint\" data-settings=\"{&quot;background_background&quot;:&quot;classic&quot;}\">\n\t\t\t\t\t\t<div class=\"elementor-container elementor-column-gap-default\">\n\t\t\t\t\t<div class=\"elementor-column elementor-col-50 elementor-top-column elementor-element elementor-element-49f2ba17\" data-id=\"49f2ba17\" data-element_type=\"column\" data-e-type=\"column\" data-settings=\"{&quot;background_background&quot;:&quot;classic&quot;}\">\n\t\t\t<div class=\"elementor-widget-wrap elementor-element-populated\">\n\t\t\t\t\t\t<div class=\"elementor-element elementor-element-488524d3 elementor-widget elementor-widget-spacer\" data-id=\"488524d3\" data-element_type=\"widget\" data-e-type=\"widget\" data-widget_type=\"spacer.default\">\n\t\t\t\t<div class=\"elementor-widget-container\">\n\t\t\t\t\t\t\t<div class=\"elementor-spacer\">\n\t\t\t<div class=\"elementor-spacer-inner\"><\/div>\n\t\t<\/div>\n\t\t\t\t\t\t<\/div>\n\t\t\t\t<\/div>\n\t\t\t\t\t<\/div>\n\t\t<\/div>\n\t\t\t\t<div class=\"elementor-column elementor-col-50 elementor-top-column elementor-element elementor-element-69d15fad\" data-id=\"69d15fad\" data-element_type=\"column\" data-e-type=\"column\" data-settings=\"{&quot;background_background&quot;:&quot;classic&quot;}\">\n\t\t\t<div class=\"elementor-widget-wrap elementor-element-populated\">\n\t\t\t\t\t\t<div class=\"elementor-element elementor-element-4aa8dc46 animated-fast elementor-invisible elementor-widget elementor-widget-heading\" data-id=\"4aa8dc46\" data-element_type=\"widget\" data-e-type=\"widget\" data-settings=\"{&quot;_animation&quot;:&quot;fadeInRight&quot;}\" data-widget_type=\"heading.default\">\n\t\t\t\t<div class=\"elementor-widget-container\">\n\t\t\t\t\t<h3 class=\"elementor-heading-title elementor-size-default\">ROT-arbeten<\/h3>\t\t\t\t<\/div>\n\t\t\t\t<\/div>\n\t\t\t\t<div class=\"elementor-element elementor-element-12a2d938 elementor-widget elementor-widget-text-editor\" data-id=\"12a2d938\" data-element_type=\"widget\" data-e-type=\"widget\" data-widget_type=\"text-editor.default\">\n\t\t\t\t<div class=\"elementor-widget-container\">\n\t\t\t\t\t\t\t\t\t<p>Vi utf\u00f6r alla f\u00f6rekommande ROT-arbeten p\u00e5 bost\u00e4der.<\/p>\t\t\t\t\t\t\t\t<\/div>\n\t\t\t\t<\/div>\n\t\t\t\t<div class=\"elementor-element elementor-element-e920a40 elementor-widget elementor-widget-text-editor\" data-id=\"e920a40\" data-element_type=\"widget\" data-e-type=\"widget\" data-widget_type=\"text-editor.default\">\n\t\t\t\t<div class=\"elementor-widget-container\">\n\t\t\t\t\t\t\t\t\t<ul><li>Tillbyggnad<\/li><li><span class=\"s1\">Ombyggnad<br \/><\/span><\/li><li>K\u00f6ksrenovering<\/li><li><span class=\"s1\">Badrumsrenovering<\/span><\/li><li><span class=\"s1\">Takrenovering<\/span><\/li><li><span class=\"s1\">Fasadrenovering<\/span><\/li><\/ul>\t\t\t\t\t\t\t\t<\/div>\n\t\t\t\t<\/div>\n\t\t\t\t\t<\/div>\n\t\t<\/div>\n\t\t\t\t\t<\/div>\n\t\t<\/section>\n\t\t\t\t<section class=\"elementor-section elementor-top-section elementor-element elementor-element-28894792 elementor-section-height-min-height elementor-section-full_width elementor-section-items-stretch elementor-reverse-mobile elementor-section-height-default\" data-id=\"28894792\" data-element_type=\"section\" data-e-type=\"section\" id=\"engine\" data-settings=\"{&quot;background_background&quot;:&quot;classic&quot;}\">\n\t\t\t\t\t\t<div class=\"elementor-container elementor-column-gap-default\">\n\t\t\t\t\t<div class=\"elementor-column elementor-col-50 elementor-top-column elementor-element elementor-element-3784eced\" data-id=\"3784eced\" data-element_type=\"column\" data-e-type=\"column\" data-settings=\"{&quot;background_background&quot;:&quot;classic&quot;}\">\n\t\t\t<div class=\"elementor-widget-wrap elementor-element-populated\">\n\t\t\t\t\t\t<div class=\"elementor-element elementor-element-1b219e7c animated-fast elementor-invisible elementor-widget elementor-widget-heading\" data-id=\"1b219e7c\" data-element_type=\"widget\" data-e-type=\"widget\" data-settings=\"{&quot;_animation&quot;:&quot;fadeInLeft&quot;}\" data-widget_type=\"heading.default\">\n\t\t\t\t<div class=\"elementor-widget-container\">\n\t\t\t\t\t<h3 class=\"elementor-heading-title elementor-size-default\">Arbetsledning<\/h3>\t\t\t\t<\/div>\n\t\t\t\t<\/div>\n\t\t\t\t<div class=\"elementor-element elementor-element-74425539 elementor-widget elementor-widget-text-editor\" data-id=\"74425539\" data-element_type=\"widget\" data-e-type=\"widget\" data-widget_type=\"text-editor.default\">\n\t\t\t\t<div class=\"elementor-widget-container\">\n\t\t\t\t\t\t\t\t\t<p>Vi erbjuder arbetsledning till ditt projekt<\/p>\t\t\t\t\t\t\t\t<\/div>\n\t\t\t\t<\/div>\n\t\t\t\t<div class=\"elementor-element elementor-element-21da9f9b elementor-widget__width-initial elementor-widget elementor-widget-text-editor\" data-id=\"21da9f9b\" data-element_type=\"widget\" data-e-type=\"widget\" data-widget_type=\"text-editor.default\">\n\t\t\t\t<div class=\"elementor-widget-container\">\n\t\t\t\t\t\t\t\t\t<ul><li>30 \u00e5rs total erfarenhet<\/li><li><span class=\"s1\">\u00a0Praktisk erfarenhet<\/span><\/li><li><span class=\"s1\">\u00a0Klar kommunikation p\u00e5 flertalet spr\u00e5k<br \/><\/span><\/li><li><span class=\"s1\">Ledning p\u00e5 arbetsplats<\/span><\/li><li><span class=\"s1\">Brett kontaktn\u00e4t med etablerade entrepren\u00f6rer<\/span><\/li><li><span class=\"s1\">Punktlighet , ordning&amp;reda<\/span><\/li><\/ul>\t\t\t\t\t\t\t\t<\/div>\n\t\t\t\t<\/div>\n\t\t\t\t\t<\/div>\n\t\t<\/div>\n\t\t\t\t<div class=\"elementor-column elementor-col-50 elementor-top-column elementor-element elementor-element-133b2af6\" data-id=\"133b2af6\" data-element_type=\"column\" data-e-type=\"column\" data-settings=\"{&quot;background_background&quot;:&quot;classic&quot;}\">\n\t\t\t<div class=\"elementor-widget-wrap elementor-element-populated\">\n\t\t\t\t\t\t<div class=\"elementor-element elementor-element-21592f4a elementor-widget elementor-widget-spacer\" data-id=\"21592f4a\" data-element_type=\"widget\" data-e-type=\"widget\" data-widget_type=\"spacer.default\">\n\t\t\t\t<div class=\"elementor-widget-container\">\n\t\t\t\t\t\t\t<div class=\"elementor-spacer\">\n\t\t\t<div class=\"elementor-spacer-inner\"><\/div>\n\t\t<\/div>\n\t\t\t\t\t\t<\/div>\n\t\t\t\t<\/div>\n\t\t\t\t\t<\/div>\n\t\t<\/div>\n\t\t\t\t\t<\/div>\n\t\t<\/section>\n\t\t\t\t<\/div>\n\t\t","protected":false},"excerpt":{"rendered":"<p>Sociala medier Se ett urval av v\u00e5ra p\u00e5g\u00e5ende och slutf\u00f6rda projekt p\u00e5 sociala medier. L\u00e4nkar Facebook Instagram Nybyggnation Vi bygger villor fr\u00e5n f\u00f6rsta spadtaget till nyckel i handen. Samarbete med ett flertal husleverant\u00f6rer Utvalda entrepren\u00f6rer Mark arbeten Husgrunder VVS EL M\u00e5lning Platts\u00e4ttning ROT-arbeten Vi utf\u00f6r alla f\u00f6rekommande ROT-arbeten p\u00e5 bost\u00e4der. Tillbyggnad Ombyggnad K\u00f6ksrenovering Badrumsrenovering Takrenovering [&hellip;]<\/p>\n","protected":false},"author":1,"featured_media":0,"parent":0,"menu_order":0,"comment_status":"closed","ping_status":"closed","template":"elementor_header_footer","meta":{"footnotes":""},"class_list":["post-448","page","type-page","status-publish","hentry"],"yoast_head":"<!-- This site is optimized with the Yoast SEO Premium plugin v20.6 (Yoast SEO v27.4) - https:\/\/yoast.com\/product\/yoast-seo-premium-wordpress\/ -->\n<title>Tj\u00e4nster &#8212; GMA BYGG<\/title>\n<meta name=\"description\" content=\"Byggf\u00f6retag i Katrineholm.Vi utf\u00f6r nybyggnation,tillbyggnation,takrenovering,fasadrenovering,k\u00f6ksrenovering badrumsrenovering.\" \/>\n<meta name=\"robots\" content=\"index, follow, max-snippet:-1, max-image-preview:large, max-video-preview:-1\" \/>\n<link rel=\"canonical\" href=\"https:\/\/gmabygg.se\/?page_id=448\" \/>\n<meta property=\"og:locale\" content=\"sv_SE\" \/>\n<meta property=\"og:type\" content=\"article\" \/>\n<meta property=\"og:title\" content=\"Tj\u00e4nster\" \/>\n<meta property=\"og:description\" content=\"Byggf\u00f6retag i Katrineholm.Vi utf\u00f6r nybyggnation,tillbyggnation,takrenovering,fasadrenovering,k\u00f6ksrenovering badrumsrenovering.\" \/>\n<meta property=\"og:url\" content=\"https:\/\/gmabygg.se\/?page_id=448\" \/>\n<meta property=\"og:site_name\" content=\"GMA BYGG\" \/>\n<meta property=\"article:publisher\" content=\"https:\/\/www.facebook.com\/GMABYGG\" \/>\n<meta property=\"article:modified_time\" content=\"2023-03-31T05:03:29+00:00\" \/>\n<meta property=\"og:image\" content=\"https:\/\/gmabygg.se\/wp-content\/uploads\/2023\/03\/GMA-BYGG-01-2.jpg\" \/>\n\t<meta property=\"og:image:width\" content=\"500\" \/>\n\t<meta property=\"og:image:height\" content=\"500\" \/>\n\t<meta property=\"og:image:type\" content=\"image\/jpeg\" \/>\n<meta name=\"twitter:card\" content=\"summary_large_image\" \/>\n<meta name=\"twitter:label1\" content=\"Ber\u00e4knad l\u00e4stid\" \/>\n\t<meta name=\"twitter:data1\" content=\"1 minut\" \/>\n<script type=\"application\/ld+json\" class=\"yoast-schema-graph\">{\"@context\":\"https:\\\/\\\/schema.org\",\"@graph\":[{\"@type\":\"WebPage\",\"@id\":\"https:\\\/\\\/gmabygg.se\\\/?page_id=448\",\"url\":\"https:\\\/\\\/gmabygg.se\\\/?page_id=448\",\"name\":\"Tj\u00e4nster &#8212; GMA BYGG\",\"isPartOf\":{\"@id\":\"https:\\\/\\\/gmabygg.se\\\/#website\"},\"datePublished\":\"2023-03-29T16:40:42+00:00\",\"dateModified\":\"2023-03-31T05:03:29+00:00\",\"description\":\"Byggf\u00f6retag i Katrineholm.Vi utf\u00f6r nybyggnation,tillbyggnation,takrenovering,fasadrenovering,k\u00f6ksrenovering badrumsrenovering.\",\"breadcrumb\":{\"@id\":\"https:\\\/\\\/gmabygg.se\\\/?page_id=448#breadcrumb\"},\"inLanguage\":\"sv-SE\",\"potentialAction\":[{\"@type\":\"ReadAction\",\"target\":[\"https:\\\/\\\/gmabygg.se\\\/?page_id=448\"]}]},{\"@type\":\"BreadcrumbList\",\"@id\":\"https:\\\/\\\/gmabygg.se\\\/?page_id=448#breadcrumb\",\"itemListElement\":[{\"@type\":\"ListItem\",\"position\":1,\"name\":\"Hem\",\"item\":\"https:\\\/\\\/gmabygg.se\\\/\"},{\"@type\":\"ListItem\",\"position\":2,\"name\":\"Tj\u00e4nster\"}]},{\"@type\":\"WebSite\",\"@id\":\"https:\\\/\\\/gmabygg.se\\\/#website\",\"url\":\"https:\\\/\\\/gmabygg.se\\\/\",\"name\":\"GMA BYGG\",\"description\":\"Byggf\u00f6retag i Katrineholm som utf\u00f6r nybyggnation och ROT arbeten.\",\"publisher\":{\"@id\":\"https:\\\/\\\/gmabygg.se\\\/#organization\"},\"potentialAction\":[{\"@type\":\"SearchAction\",\"target\":{\"@type\":\"EntryPoint\",\"urlTemplate\":\"https:\\\/\\\/gmabygg.se\\\/?s={search_term_string}\"},\"query-input\":{\"@type\":\"PropertyValueSpecification\",\"valueRequired\":true,\"valueName\":\"search_term_string\"}}],\"inLanguage\":\"sv-SE\"},{\"@type\":\"Organization\",\"@id\":\"https:\\\/\\\/gmabygg.se\\\/#organization\",\"name\":\"GMA BYGG\",\"url\":\"https:\\\/\\\/gmabygg.se\\\/\",\"logo\":{\"@type\":\"ImageObject\",\"inLanguage\":\"sv-SE\",\"@id\":\"https:\\\/\\\/gmabygg.se\\\/#\\\/schema\\\/logo\\\/image\\\/\",\"url\":\"https:\\\/\\\/gmabygg.se\\\/wp-content\\\/uploads\\\/2023\\\/03\\\/GMA-BYGG-01-2.jpg\",\"contentUrl\":\"https:\\\/\\\/gmabygg.se\\\/wp-content\\\/uploads\\\/2023\\\/03\\\/GMA-BYGG-01-2.jpg\",\"width\":500,\"height\":500,\"caption\":\"GMA BYGG\"},\"image\":{\"@id\":\"https:\\\/\\\/gmabygg.se\\\/#\\\/schema\\\/logo\\\/image\\\/\"},\"sameAs\":[\"https:\\\/\\\/www.facebook.com\\\/GMABYGG\",\"https:\\\/\\\/www.instagram.com\\\/gmabygg.se\\\/\"]}]}<\/script>\n<!-- \/ Yoast SEO Premium plugin. -->","yoast_head_json":{"title":"Tj\u00e4nster &#8212; GMA BYGG","description":"Byggf\u00f6retag i Katrineholm.Vi utf\u00f6r nybyggnation,tillbyggnation,takrenovering,fasadrenovering,k\u00f6ksrenovering badrumsrenovering.","robots":{"index":"index","follow":"follow","max-snippet":"max-snippet:-1","max-image-preview":"max-image-preview:large","max-video-preview":"max-video-preview:-1"},"canonical":"https:\/\/gmabygg.se\/?page_id=448","og_locale":"sv_SE","og_type":"article","og_title":"Tj\u00e4nster","og_description":"Byggf\u00f6retag i Katrineholm.Vi utf\u00f6r nybyggnation,tillbyggnation,takrenovering,fasadrenovering,k\u00f6ksrenovering badrumsrenovering.","og_url":"https:\/\/gmabygg.se\/?page_id=448","og_site_name":"GMA BYGG","article_publisher":"https:\/\/www.facebook.com\/GMABYGG","article_modified_time":"2023-03-31T05:03:29+00:00","og_image":[{"width":500,"height":500,"url":"https:\/\/gmabygg.se\/wp-content\/uploads\/2023\/03\/GMA-BYGG-01-2.jpg","type":"image\/jpeg"}],"twitter_card":"summary_large_image","twitter_misc":{"Ber\u00e4knad l\u00e4stid":"1 minut"},"schema":{"@context":"https:\/\/schema.org","@graph":[{"@type":"WebPage","@id":"https:\/\/gmabygg.se\/?page_id=448","url":"https:\/\/gmabygg.se\/?page_id=448","name":"Tj\u00e4nster &#8212; GMA BYGG","isPartOf":{"@id":"https:\/\/gmabygg.se\/#website"},"datePublished":"2023-03-29T16:40:42+00:00","dateModified":"2023-03-31T05:03:29+00:00","description":"Byggf\u00f6retag i Katrineholm.Vi utf\u00f6r nybyggnation,tillbyggnation,takrenovering,fasadrenovering,k\u00f6ksrenovering badrumsrenovering.","breadcrumb":{"@id":"https:\/\/gmabygg.se\/?page_id=448#breadcrumb"},"inLanguage":"sv-SE","potentialAction":[{"@type":"ReadAction","target":["https:\/\/gmabygg.se\/?page_id=448"]}]},{"@type":"BreadcrumbList","@id":"https:\/\/gmabygg.se\/?page_id=448#breadcrumb","itemListElement":[{"@type":"ListItem","position":1,"name":"Hem","item":"https:\/\/gmabygg.se\/"},{"@type":"ListItem","position":2,"name":"Tj\u00e4nster"}]},{"@type":"WebSite","@id":"https:\/\/gmabygg.se\/#website","url":"https:\/\/gmabygg.se\/","name":"GMA BYGG","description":"Byggf\u00f6retag i Katrineholm som utf\u00f6r nybyggnation och ROT arbeten.","publisher":{"@id":"https:\/\/gmabygg.se\/#organization"},"potentialAction":[{"@type":"SearchAction","target":{"@type":"EntryPoint","urlTemplate":"https:\/\/gmabygg.se\/?s={search_term_string}"},"query-input":{"@type":"PropertyValueSpecification","valueRequired":true,"valueName":"search_term_string"}}],"inLanguage":"sv-SE"},{"@type":"Organization","@id":"https:\/\/gmabygg.se\/#organization","name":"GMA BYGG","url":"https:\/\/gmabygg.se\/","logo":{"@type":"ImageObject","inLanguage":"sv-SE","@id":"https:\/\/gmabygg.se\/#\/schema\/logo\/image\/","url":"https:\/\/gmabygg.se\/wp-content\/uploads\/2023\/03\/GMA-BYGG-01-2.jpg","contentUrl":"https:\/\/gmabygg.se\/wp-content\/uploads\/2023\/03\/GMA-BYGG-01-2.jpg","width":500,"height":500,"caption":"GMA BYGG"},"image":{"@id":"https:\/\/gmabygg.se\/#\/schema\/logo\/image\/"},"sameAs":["https:\/\/www.facebook.com\/GMABYGG","https:\/\/www.instagram.com\/gmabygg.se\/"]}]}},"_links":{"self":[{"href":"https:\/\/gmabygg.se\/index.php?rest_route=\/wp\/v2\/pages\/448","targetHints":{"allow":["GET"]}}],"collection":[{"href":"https:\/\/gmabygg.se\/index.php?rest_route=\/wp\/v2\/pages"}],"about":[{"href":"https:\/\/gmabygg.se\/index.php?rest_route=\/wp\/v2\/types\/page"}],"author":[{"embeddable":true,"href":"https:\/\/gmabygg.se\/index.php?rest_route=\/wp\/v2\/users\/1"}],"replies":[{"embeddable":true,"href":"https:\/\/gmabygg.se\/index.php?rest_route=%2Fwp%2Fv2%2Fcomments&post=448"}],"version-history":[{"count":53,"href":"https:\/\/gmabygg.se\/index.php?rest_route=\/wp\/v2\/pages\/448\/revisions"}],"predecessor-version":[{"id":799,"href":"https:\/\/gmabygg.se\/index.php?rest_route=\/wp\/v2\/pages\/448\/revisions\/799"}],"wp:attachment":[{"href":"https:\/\/gmabygg.se\/index.php?rest_route=%2Fwp%2Fv2%2Fmedia&parent=448"}],"curies":[{"name":"wp","href":"https:\/\/api.w.org\/{rel}","templated":true}]}}